{"id":151,"date":"2020-10-14T13:21:10","date_gmt":"2020-10-14T13:21:10","guid":{"rendered":"https:\/\/motherdaughterinterior.com\/?page_id=151"},"modified":"2020-12-15T19:44:27","modified_gmt":"2020-12-15T19:44:27","slug":"projet-jean-louis","status":"publish","type":"page","link":"https:\/\/motherdaughterinterior.com\/en\/projets\/projet-jean-louis","title":{"rendered":"Club Jean-Louis La Nuit Paris I"},"content":{"rendered":"<div data-elementor-type=\"wp-page\" data-elementor-id=\"151\" class=\"elementor elementor-151\" data-elementor-post-type=\"page\">\n\t\t\t\t\t\t<section class=\"elementor-section elementor-top-section elementor-element elementor-element-06f2b4e elementor-section-full_width elementor-section-height-min-height elementor-section-height-default elementor-section-items-middle\" data-id=\"06f2b4e\" data-element_type=\"section\" data-settings=\"{&quot;background_background&quot;:&quot;classic&quot;}\">\n\t\t\t\t\t\t\t<div class=\"elementor-background-overlay\"><\/div>\n\t\t\t\t\t\t\t<div class=\"elementor-container elementor-column-gap-default\">\n\t\t\t\t\t<div class=\"elementor-column elementor-col-33 elementor-top-column elementor-element elementor-element-1d71efa\" data-id=\"1d71efa\" data-element_type=\"column\">\n\t\t\t<div class=\"elementor-widget-wrap\">\n\t\t\t\t\t\t\t<\/div>\n\t\t<\/div>\n\t\t\t\t<div class=\"elementor-column elementor-col-33 elementor-top-column elementor-element elementor-element-bcaf6f4\" data-id=\"bcaf6f4\" data-element_type=\"column\">\n\t\t\t<div class=\"elementor-widget-wrap elementor-element-populated\">\n\t\t\t\t\t\t<div class=\"elementor-element elementor-element-58ce29f elementor-widget elementor-widget-heading\" data-id=\"58ce29f\" data-element_type=\"widget\" data-widget_type=\"heading.default\">\n\t\t\t\t<div class=\"elementor-widget-container\">\n\t\t\t\t\t<h1 class=\"elementor-heading-title elementor-size-default\">Club Jean-Louis La Nuit Paris I<\/h1>\t\t\t\t<\/div>\n\t\t\t\t<\/div>\n\t\t\t\t\t<\/div>\n\t\t<\/div>\n\t\t\t\t<div class=\"elementor-column elementor-col-33 elementor-top-column elementor-element elementor-element-614bd70\" data-id=\"614bd70\" data-element_type=\"column\">\n\t\t\t<div class=\"elementor-widget-wrap\">\n\t\t\t\t\t\t\t<\/div>\n\t\t<\/div>\n\t\t\t\t\t<\/div>\n\t\t<\/section>\n\t\t\t\t<section class=\"elementor-section elementor-top-section elementor-element elementor-element-fcf776b elementor-section-boxed elementor-section-height-default elementor-section-height-default elementor-invisible\" data-id=\"fcf776b\" data-element_type=\"section\" data-settings=\"{&quot;animation&quot;:&quot;fadeIn&quot;}\">\n\t\t\t\t\t\t<div class=\"elementor-container elementor-column-gap-default\">\n\t\t\t\t\t<div class=\"elementor-column elementor-col-100 elementor-top-column elementor-element elementor-element-9a2bde2\" data-id=\"9a2bde2\" data-element_type=\"column\" data-settings=\"{&quot;background_background&quot;:&quot;classic&quot;}\">\n\t\t\t<div class=\"elementor-widget-wrap elementor-element-populated\">\n\t\t\t\t\t\t<div class=\"elementor-element elementor-element-e2ad33d elementor-widget elementor-widget-text-editor\" data-id=\"e2ad33d\" data-element_type=\"widget\" data-widget_type=\"text-editor.default\">\n\t\t\t\t<div class=\"elementor-widget-container\">\n\t\t\t\t\t\t\t\t\t<p>A cave in the heart of Paris, open to all experiments, which plunges its visitors into a retro-futuristic vibration. An organic and mineral landscape punctuated by design 70\u2032s where the spirit of C\u00e9sar Manrique, the Lanzarote architect who associated contemporary architecture with the volcanic landscape of the Spanish island, hovers.<\/p>\t\t\t\t\t\t\t\t<\/div>\n\t\t\t\t<\/div>\n\t\t\t\t\t<\/div>\n\t\t<\/div>\n\t\t\t\t\t<\/div>\n\t\t<\/section>\n\t\t\t\t<section class=\"elementor-section elementor-top-section elementor-element elementor-element-c6785b6 elementor-section-boxed elementor-section-height-default elementor-section-height-default\" data-id=\"c6785b6\" data-element_type=\"section\">\n\t\t\t\t\t\t<div class=\"elementor-container elementor-column-gap-default\">\n\t\t\t\t\t<div class=\"elementor-column elementor-col-100 elementor-top-column elementor-element elementor-element-c629cfe\" data-id=\"c629cfe\" data-element_type=\"column\">\n\t\t\t<div class=\"elementor-widget-wrap elementor-element-populated\">\n\t\t\t\t\t\t<div class=\"elementor-element elementor-element-d7e4519 elementor-widget elementor-widget-gallery\" data-id=\"d7e4519\" data-element_type=\"widget\" data-settings=\"{&quot;gallery_layout&quot;:&quot;masonry&quot;,&quot;gap&quot;:{&quot;unit&quot;:&quot;px&quot;,&quot;size&quot;:30,&quot;sizes&quot;:[]},&quot;columns&quot;:2,&quot;lazyload&quot;:&quot;yes&quot;,&quot;columns_tablet&quot;:2,&quot;columns_mobile&quot;:1,&quot;gap_tablet&quot;:{&quot;unit&quot;:&quot;px&quot;,&quot;size&quot;:10,&quot;sizes&quot;:[]},&quot;gap_mobile&quot;:{&quot;unit&quot;:&quot;px&quot;,&quot;size&quot;:10,&quot;sizes&quot;:[]},&quot;link_to&quot;:&quot;file&quot;,&quot;content_hover_animation&quot;:&quot;fade-in&quot;}\" data-widget_type=\"gallery.default\">\n\t\t\t\t<div class=\"elementor-widget-container\">\n\t\t\t\t\t\t\t<div class=\"elementor-gallery__container\">\n\t\t\t\t\t\t\t<a class=\"e-gallery-item elementor-gallery-item elementor-animated-content\" href=\"https:\/\/motherdaughterinterior.com\/wp-content\/uploads\/2020\/10\/selecta3.jpg\" data-elementor-open-lightbox=\"yes\" data-elementor-lightbox-slideshow=\"d7e4519\" data-elementor-lightbox-title=\"selecta3\" data-e-action-hash=\"#elementor-action%3Aaction%3Dlightbox%26settings%3DeyJpZCI6MTgzLCJ1cmwiOiJodHRwczpcL1wvbW90aGVyZGF1Z2h0ZXJpbnRlcmlvci5jb21cL3dwLWNvbnRlbnRcL3VwbG9hZHNcLzIwMjBcLzEwXC9zZWxlY3RhMy5qcGciLCJzbGlkZXNob3ciOiJkN2U0NTE5In0%3D\">\n\t\t\t\t\t<div class=\"e-gallery-image elementor-gallery-item__image\" data-thumbnail=\"https:\/\/motherdaughterinterior.com\/wp-content\/uploads\/2020\/10\/selecta3.jpg\" data-width=\"1001\" data-height=\"1500\" aria-label=\"\" role=\"img\" ><\/div>\n\t\t\t\t\t\t\t\t\t\t\t\t\t\t<\/a>\n\t\t\t\t\t\t\t<a class=\"e-gallery-item elementor-gallery-item elementor-animated-content\" href=\"https:\/\/motherdaughterinterior.com\/wp-content\/uploads\/2020\/10\/selecta2.jpg\" data-elementor-open-lightbox=\"yes\" data-elementor-lightbox-slideshow=\"d7e4519\" data-elementor-lightbox-title=\"selecta2\" data-e-action-hash=\"#elementor-action%3Aaction%3Dlightbox%26settings%3DeyJpZCI6MTgyLCJ1cmwiOiJodHRwczpcL1wvbW90aGVyZGF1Z2h0ZXJpbnRlcmlvci5jb21cL3dwLWNvbnRlbnRcL3VwbG9hZHNcLzIwMjBcLzEwXC9zZWxlY3RhMi5qcGciLCJzbGlkZXNob3ciOiJkN2U0NTE5In0%3D\">\n\t\t\t\t\t<div class=\"e-gallery-image elementor-gallery-item__image\" data-thumbnail=\"https:\/\/motherdaughterinterior.com\/wp-content\/uploads\/2020\/10\/selecta2.jpg\" data-width=\"1500\" data-height=\"1001\" aria-label=\"\" role=\"img\" ><\/div>\n\t\t\t\t\t\t\t\t\t\t\t\t\t\t<\/a>\n\t\t\t\t\t\t\t<a class=\"e-gallery-item elementor-gallery-item elementor-animated-content\" href=\"https:\/\/motherdaughterinterior.com\/wp-content\/uploads\/2020\/10\/626C22E8-C9A0-42E9-8863-2EC46AF17449-1235-000000783101AF22.jpg\" data-elementor-open-lightbox=\"yes\" data-elementor-lightbox-slideshow=\"d7e4519\" data-elementor-lightbox-title=\"626C22E8-C9A0-42E9-8863-2EC46AF17449-1235-000000783101AF22\" data-e-action-hash=\"#elementor-action%3Aaction%3Dlightbox%26settings%3DeyJpZCI6MTc3LCJ1cmwiOiJodHRwczpcL1wvbW90aGVyZGF1Z2h0ZXJpbnRlcmlvci5jb21cL3dwLWNvbnRlbnRcL3VwbG9hZHNcLzIwMjBcLzEwXC82MjZDMjJFOC1DOUEwLTQyRTktODg2My0yRUM0NkFGMTc0NDktMTIzNS0wMDAwMDA3ODMxMDFBRjIyLmpwZyIsInNsaWRlc2hvdyI6ImQ3ZTQ1MTkifQ%3D%3D\">\n\t\t\t\t\t<div class=\"e-gallery-image elementor-gallery-item__image\" data-thumbnail=\"https:\/\/motherdaughterinterior.com\/wp-content\/uploads\/2020\/10\/626C22E8-C9A0-42E9-8863-2EC46AF17449-1235-000000783101AF22.jpg\" data-width=\"1500\" data-height=\"1000\" aria-label=\"\" role=\"img\" ><\/div>\n\t\t\t\t\t\t\t\t\t\t\t\t\t\t<\/a>\n\t\t\t\t\t\t\t<a class=\"e-gallery-item elementor-gallery-item elementor-animated-content\" href=\"https:\/\/motherdaughterinterior.com\/wp-content\/uploads\/2020\/10\/6C9B471A-07CF-4EE4-8FCB-0E838E52912E-1235-00000077ED588C45.jpg\" data-elementor-open-lightbox=\"yes\" data-elementor-lightbox-slideshow=\"d7e4519\" data-elementor-lightbox-title=\"6C9B471A-07CF-4EE4-8FCB-0E838E52912E-1235-00000077ED588C45\" data-e-action-hash=\"#elementor-action%3Aaction%3Dlightbox%26settings%3DeyJpZCI6MTc2LCJ1cmwiOiJodHRwczpcL1wvbW90aGVyZGF1Z2h0ZXJpbnRlcmlvci5jb21cL3dwLWNvbnRlbnRcL3VwbG9hZHNcLzIwMjBcLzEwXC82QzlCNDcxQS0wN0NGLTRFRTQtOEZDQi0wRTgzOEU1MjkxMkUtMTIzNS0wMDAwMDA3N0VENTg4QzQ1LmpwZyIsInNsaWRlc2hvdyI6ImQ3ZTQ1MTkifQ%3D%3D\">\n\t\t\t\t\t<div class=\"e-gallery-image elementor-gallery-item__image\" data-thumbnail=\"https:\/\/motherdaughterinterior.com\/wp-content\/uploads\/2020\/10\/6C9B471A-07CF-4EE4-8FCB-0E838E52912E-1235-00000077ED588C45.jpg\" data-width=\"1500\" data-height=\"1000\" aria-label=\"\" role=\"img\" ><\/div>\n\t\t\t\t\t\t\t\t\t\t\t\t\t\t<\/a>\n\t\t\t\t\t\t\t<a class=\"e-gallery-item elementor-gallery-item elementor-animated-content\" href=\"https:\/\/motherdaughterinterior.com\/wp-content\/uploads\/2020\/10\/CL_JeanLouisLaNuit_JPEG_sRGB_300DPI-28.jpg\" data-elementor-open-lightbox=\"yes\" data-elementor-lightbox-slideshow=\"d7e4519\" data-elementor-lightbox-title=\"CL_JeanLouisLaNuit_JPEG_sRGB_300DPI-28\" data-e-action-hash=\"#elementor-action%3Aaction%3Dlightbox%26settings%3DeyJpZCI6MTc4LCJ1cmwiOiJodHRwczpcL1wvbW90aGVyZGF1Z2h0ZXJpbnRlcmlvci5jb21cL3dwLWNvbnRlbnRcL3VwbG9hZHNcLzIwMjBcLzEwXC9DTF9KZWFuTG91aXNMYU51aXRfSlBFR19zUkdCXzMwMERQSS0yOC5qcGciLCJzbGlkZXNob3ciOiJkN2U0NTE5In0%3D\">\n\t\t\t\t\t<div class=\"e-gallery-image elementor-gallery-item__image\" data-thumbnail=\"https:\/\/motherdaughterinterior.com\/wp-content\/uploads\/2020\/10\/CL_JeanLouisLaNuit_JPEG_sRGB_300DPI-28.jpg\" data-width=\"1001\" data-height=\"1500\" aria-label=\"\" role=\"img\" ><\/div>\n\t\t\t\t\t\t\t\t\t\t\t\t\t\t<\/a>\n\t\t\t\t\t\t\t<a class=\"e-gallery-item elementor-gallery-item elementor-animated-content\" href=\"https:\/\/motherdaughterinterior.com\/wp-content\/uploads\/2020\/10\/selecta1.jpg\" data-elementor-open-lightbox=\"yes\" data-elementor-lightbox-slideshow=\"d7e4519\" data-elementor-lightbox-title=\"selecta1\" data-e-action-hash=\"#elementor-action%3Aaction%3Dlightbox%26settings%3DeyJpZCI6MTgxLCJ1cmwiOiJodHRwczpcL1wvbW90aGVyZGF1Z2h0ZXJpbnRlcmlvci5jb21cL3dwLWNvbnRlbnRcL3VwbG9hZHNcLzIwMjBcLzEwXC9zZWxlY3RhMS5qcGciLCJzbGlkZXNob3ciOiJkN2U0NTE5In0%3D\">\n\t\t\t\t\t<div class=\"e-gallery-image elementor-gallery-item__image\" data-thumbnail=\"https:\/\/motherdaughterinterior.com\/wp-content\/uploads\/2020\/10\/selecta1.jpg\" data-width=\"1500\" data-height=\"1001\" aria-label=\"\" role=\"img\" ><\/div>\n\t\t\t\t\t\t\t\t\t\t\t\t\t\t<\/a>\n\t\t\t\t\t\t\t<a class=\"e-gallery-item elementor-gallery-item elementor-animated-content\" href=\"https:\/\/motherdaughterinterior.com\/wp-content\/uploads\/2020\/10\/JL-en-detail_8.jpg\" data-elementor-open-lightbox=\"yes\" data-elementor-lightbox-slideshow=\"d7e4519\" data-elementor-lightbox-title=\"JL---en-detail_8\" data-e-action-hash=\"#elementor-action%3Aaction%3Dlightbox%26settings%3DeyJpZCI6MTgwLCJ1cmwiOiJodHRwczpcL1wvbW90aGVyZGF1Z2h0ZXJpbnRlcmlvci5jb21cL3dwLWNvbnRlbnRcL3VwbG9hZHNcLzIwMjBcLzEwXC9KTC1lbi1kZXRhaWxfOC5qcGciLCJzbGlkZXNob3ciOiJkN2U0NTE5In0%3D\">\n\t\t\t\t\t<div class=\"e-gallery-image elementor-gallery-item__image\" data-thumbnail=\"https:\/\/motherdaughterinterior.com\/wp-content\/uploads\/2020\/10\/JL-en-detail_8.jpg\" data-width=\"1500\" data-height=\"1000\" aria-label=\"\" role=\"img\" ><\/div>\n\t\t\t\t\t\t\t\t\t\t\t\t\t\t<\/a>\n\t\t\t\t\t\t\t<a class=\"e-gallery-item elementor-gallery-item elementor-animated-content\" href=\"https:\/\/motherdaughterinterior.com\/wp-content\/uploads\/2020\/10\/JL-en-detail_3.jpg\" data-elementor-open-lightbox=\"yes\" data-elementor-lightbox-slideshow=\"d7e4519\" data-elementor-lightbox-title=\"JL---en-detail_3\" data-e-action-hash=\"#elementor-action%3Aaction%3Dlightbox%26settings%3DeyJpZCI6MTc5LCJ1cmwiOiJodHRwczpcL1wvbW90aGVyZGF1Z2h0ZXJpbnRlcmlvci5jb21cL3dwLWNvbnRlbnRcL3VwbG9hZHNcLzIwMjBcLzEwXC9KTC1lbi1kZXRhaWxfMy5qcGciLCJzbGlkZXNob3ciOiJkN2U0NTE5In0%3D\">\n\t\t\t\t\t<div class=\"e-gallery-image elementor-gallery-item__image\" data-thumbnail=\"https:\/\/motherdaughterinterior.com\/wp-content\/uploads\/2020\/10\/JL-en-detail_3.jpg\" data-width=\"1000\" data-height=\"1500\" aria-label=\"\" role=\"img\" ><\/div>\n\t\t\t\t\t\t\t\t\t\t\t\t\t\t<\/a>\n\t\t\t\t\t\t\t<a class=\"e-gallery-item elementor-gallery-item elementor-animated-content\" href=\"https:\/\/motherdaughterinterior.com\/wp-content\/uploads\/2020\/10\/JL-en-detail_11-scaled.jpg\" data-elementor-open-lightbox=\"yes\" data-elementor-lightbox-slideshow=\"d7e4519\" data-elementor-lightbox-title=\"JL - en detail_11\" data-e-action-hash=\"#elementor-action%3Aaction%3Dlightbox%26settings%3DeyJpZCI6MzgyLCJ1cmwiOiJodHRwczpcL1wvbW90aGVyZGF1Z2h0ZXJpbnRlcmlvci5jb21cL3dwLWNvbnRlbnRcL3VwbG9hZHNcLzIwMjBcLzEwXC9KTC1lbi1kZXRhaWxfMTEtc2NhbGVkLmpwZyIsInNsaWRlc2hvdyI6ImQ3ZTQ1MTkifQ%3D%3D\">\n\t\t\t\t\t<div class=\"e-gallery-image elementor-gallery-item__image\" data-thumbnail=\"https:\/\/motherdaughterinterior.com\/wp-content\/uploads\/2020\/10\/JL-en-detail_11-scaled.jpg\" data-width=\"1707\" data-height=\"2560\" aria-label=\"\" role=\"img\" ><\/div>\n\t\t\t\t\t\t\t\t\t\t\t\t\t\t<\/a>\n\t\t\t\t\t\t\t<a class=\"e-gallery-item elementor-gallery-item elementor-animated-content\" href=\"https:\/\/motherdaughterinterior.com\/wp-content\/uploads\/2020\/10\/JL-en-detail_19-scaled.jpg\" data-elementor-open-lightbox=\"yes\" data-elementor-lightbox-slideshow=\"d7e4519\" data-elementor-lightbox-title=\"JL - en detail_19\" data-e-action-hash=\"#elementor-action%3Aaction%3Dlightbox%26settings%3DeyJpZCI6MzgzLCJ1cmwiOiJodHRwczpcL1wvbW90aGVyZGF1Z2h0ZXJpbnRlcmlvci5jb21cL3dwLWNvbnRlbnRcL3VwbG9hZHNcLzIwMjBcLzEwXC9KTC1lbi1kZXRhaWxfMTktc2NhbGVkLmpwZyIsInNsaWRlc2hvdyI6ImQ3ZTQ1MTkifQ%3D%3D\">\n\t\t\t\t\t<div class=\"e-gallery-image elementor-gallery-item__image\" data-thumbnail=\"https:\/\/motherdaughterinterior.com\/wp-content\/uploads\/2020\/10\/JL-en-detail_19-scaled.jpg\" data-width=\"1707\" data-height=\"2560\" aria-label=\"\" role=\"img\" ><\/div>\n\t\t\t\t\t\t\t\t\t\t\t\t\t\t<\/a>\n\t\t\t\t\t<\/div>\n\t\t\t\t\t<\/div>\n\t\t\t\t<\/div>\n\t\t\t\t\t<\/div>\n\t\t<\/div>\n\t\t\t\t\t<\/div>\n\t\t<\/section>\n\t\t\t\t<section class=\"elementor-section elementor-top-section elementor-element elementor-element-3ec6f18 elementor-section-boxed elementor-section-height-default elementor-section-height-default\" data-id=\"3ec6f18\" data-element_type=\"section\">\n\t\t\t\t\t\t<div class=\"elementor-container elementor-column-gap-default\">\n\t\t\t\t\t<div class=\"elementor-column elementor-col-100 elementor-top-column elementor-element elementor-element-bcb3cbf\" data-id=\"bcb3cbf\" data-element_type=\"column\">\n\t\t\t<div class=\"elementor-widget-wrap elementor-element-populated\">\n\t\t\t\t\t\t<div class=\"elementor-element elementor-element-c5e5e68 elementor-widget elementor-widget-spacer\" data-id=\"c5e5e68\" data-element_type=\"widget\" data-widget_type=\"spacer.default\">\n\t\t\t\t<div class=\"elementor-widget-container\">\n\t\t\t\t\t\t\t<div class=\"elementor-spacer\">\n\t\t\t<div class=\"elementor-spacer-inner\"><\/div>\n\t\t<\/div>\n\t\t\t\t\t\t<\/div>\n\t\t\t\t<\/div>\n\t\t\t\t\t<\/div>\n\t\t<\/div>\n\t\t\t\t\t<\/div>\n\t\t<\/section>\n\t\t\t\t<\/div>","protected":false},"excerpt":{"rendered":"<p>Club Jean-Louis La Nuit Paris I Une grotte au coeur de Paris, ouverte \u00e0 toutes les exp\u00e9rimentations, qui plonge ses visiteurs dans une vibration r\u00e9tro-futuriste. Un paysage organique et min\u00e9ral ponctu\u00e9 de design 70\u2032s o\u00f9 plane l\u2019esprit de C\u00e9sar Manrique, l\u2019architecte de Lanzarote qui associa l\u2019architecture contemporaine au paysage volcanique de l\u2019ile espagnole.<\/p>","protected":false},"author":1,"featured_media":0,"parent":36,"menu_order":0,"comment_status":"closed","ping_status":"closed","template":"elementor_header_footer","meta":{"footnotes":""},"yoast_head":"<!-- This site is optimized with the Yoast SEO plugin v23.5 - https:\/\/yoast.com\/wordpress\/plugins\/seo\/ -->\n<title>Club Jean-Louis La Nuit Paris I - Mother Daughter Interior<\/title>\n<meta name=\"robots\" content=\"index, follow, max-snippet:-1, max-image-preview:large, max-video-preview:-1\" \/>\n<link rel=\"canonical\" href=\"https:\/\/motherdaughterinterior.com\/en\/projets\/projet-jean-louis\/\" \/>\n<meta property=\"og:locale\" content=\"en_GB\" \/>\n<meta property=\"og:type\" content=\"article\" \/>\n<meta property=\"og:title\" content=\"Club Jean-Louis La Nuit Paris I - Mother Daughter Interior\" \/>\n<meta property=\"og:description\" content=\"Club Jean-Louis La Nuit Paris I Une grotte au coeur de Paris, ouverte \u00e0 toutes les exp\u00e9rimentations, qui plonge ses visiteurs dans une vibration r\u00e9tro-futuriste. Un paysage organique et min\u00e9ral ponctu\u00e9 de design 70\u2032s o\u00f9 plane l\u2019esprit de C\u00e9sar Manrique, l\u2019architecte de Lanzarote qui associa l\u2019architecture contemporaine au paysage volcanique de l\u2019ile espagnole.\" \/>\n<meta property=\"og:url\" content=\"https:\/\/motherdaughterinterior.com\/en\/projets\/projet-jean-louis\/\" \/>\n<meta property=\"og:site_name\" content=\"Mother Daughter Interior\" \/>\n<meta property=\"article:modified_time\" content=\"2020-12-15T19:44:27+00:00\" \/>\n<meta name=\"twitter:card\" content=\"summary_large_image\" \/>\n<script type=\"application\/ld+json\" class=\"yoast-schema-graph\">{\"@context\":\"https:\/\/schema.org\",\"@graph\":[{\"@type\":\"WebPage\",\"@id\":\"https:\/\/motherdaughterinterior.com\/projets\/projet-jean-louis\",\"url\":\"https:\/\/motherdaughterinterior.com\/projets\/projet-jean-louis\",\"name\":\"Club Jean-Louis La Nuit Paris I - Mother Daughter Interior\",\"isPartOf\":{\"@id\":\"https:\/\/motherdaughterinterior.com\/#website\"},\"datePublished\":\"2020-10-14T13:21:10+00:00\",\"dateModified\":\"2020-12-15T19:44:27+00:00\",\"breadcrumb\":{\"@id\":\"https:\/\/motherdaughterinterior.com\/projets\/projet-jean-louis#breadcrumb\"},\"inLanguage\":\"en-GB\",\"potentialAction\":[{\"@type\":\"ReadAction\",\"target\":[\"https:\/\/motherdaughterinterior.com\/projets\/projet-jean-louis\"]}]},{\"@type\":\"BreadcrumbList\",\"@id\":\"https:\/\/motherdaughterinterior.com\/projets\/projet-jean-louis#breadcrumb\",\"itemListElement\":[{\"@type\":\"ListItem\",\"position\":1,\"name\":\"Accueil\",\"item\":\"https:\/\/motherdaughterinterior.com\/\"},{\"@type\":\"ListItem\",\"position\":2,\"name\":\"Projets\",\"item\":\"https:\/\/motherdaughterinterior.com\/projets\"},{\"@type\":\"ListItem\",\"position\":3,\"name\":\"Club Jean-Louis La Nuit Paris I\"}]},{\"@type\":\"WebSite\",\"@id\":\"https:\/\/motherdaughterinterior.com\/#website\",\"url\":\"https:\/\/motherdaughterinterior.com\/\",\"name\":\"Mother Daughter Interior\",\"description\":\"\",\"publisher\":{\"@id\":\"https:\/\/motherdaughterinterior.com\/#organization\"},\"potentialAction\":[{\"@type\":\"SearchAction\",\"target\":{\"@type\":\"EntryPoint\",\"urlTemplate\":\"https:\/\/motherdaughterinterior.com\/?s={search_term_string}\"},\"query-input\":{\"@type\":\"PropertyValueSpecification\",\"valueRequired\":true,\"valueName\":\"search_term_string\"}}],\"inLanguage\":\"en-GB\"},{\"@type\":\"Organization\",\"@id\":\"https:\/\/motherdaughterinterior.com\/#organization\",\"name\":\"Mother Daughter Interior\",\"url\":\"https:\/\/motherdaughterinterior.com\/\",\"logo\":{\"@type\":\"ImageObject\",\"inLanguage\":\"en-GB\",\"@id\":\"https:\/\/motherdaughterinterior.com\/#\/schema\/logo\/image\/\",\"url\":\"https:\/\/motherdaughterinterior.com\/wp-content\/uploads\/2020\/10\/Logo2.png\",\"contentUrl\":\"https:\/\/motherdaughterinterior.com\/wp-content\/uploads\/2020\/10\/Logo2.png\",\"width\":617,\"height\":237,\"caption\":\"Mother Daughter Interior\"},\"image\":{\"@id\":\"https:\/\/motherdaughterinterior.com\/#\/schema\/logo\/image\/\"}}]}<\/script>\n<!-- \/ Yoast SEO plugin. -->","yoast_head_json":{"title":"Club Jean-Louis La Nuit Paris I - Mother Daughter Interior","robots":{"index":"index","follow":"follow","max-snippet":"max-snippet:-1","max-image-preview":"max-image-preview:large","max-video-preview":"max-video-preview:-1"},"canonical":"https:\/\/motherdaughterinterior.com\/en\/projets\/projet-jean-louis\/","og_locale":"en_GB","og_type":"article","og_title":"Club Jean-Louis La Nuit Paris I - Mother Daughter Interior","og_description":"Club Jean-Louis La Nuit Paris I Une grotte au coeur de Paris, ouverte \u00e0 toutes les exp\u00e9rimentations, qui plonge ses visiteurs dans une vibration r\u00e9tro-futuriste. Un paysage organique et min\u00e9ral ponctu\u00e9 de design 70\u2032s o\u00f9 plane l\u2019esprit de C\u00e9sar Manrique, l\u2019architecte de Lanzarote qui associa l\u2019architecture contemporaine au paysage volcanique de l\u2019ile espagnole.","og_url":"https:\/\/motherdaughterinterior.com\/en\/projets\/projet-jean-louis\/","og_site_name":"Mother Daughter Interior","article_modified_time":"2020-12-15T19:44:27+00:00","twitter_card":"summary_large_image","schema":{"@context":"https:\/\/schema.org","@graph":[{"@type":"WebPage","@id":"https:\/\/motherdaughterinterior.com\/projets\/projet-jean-louis","url":"https:\/\/motherdaughterinterior.com\/projets\/projet-jean-louis","name":"Club Jean-Louis La Nuit Paris I - Mother Daughter Interior","isPartOf":{"@id":"https:\/\/motherdaughterinterior.com\/#website"},"datePublished":"2020-10-14T13:21:10+00:00","dateModified":"2020-12-15T19:44:27+00:00","breadcrumb":{"@id":"https:\/\/motherdaughterinterior.com\/projets\/projet-jean-louis#breadcrumb"},"inLanguage":"en-GB","potentialAction":[{"@type":"ReadAction","target":["https:\/\/motherdaughterinterior.com\/projets\/projet-jean-louis"]}]},{"@type":"BreadcrumbList","@id":"https:\/\/motherdaughterinterior.com\/projets\/projet-jean-louis#breadcrumb","itemListElement":[{"@type":"ListItem","position":1,"name":"Accueil","item":"https:\/\/motherdaughterinterior.com\/"},{"@type":"ListItem","position":2,"name":"Projets","item":"https:\/\/motherdaughterinterior.com\/projets"},{"@type":"ListItem","position":3,"name":"Club Jean-Louis La Nuit Paris I"}]},{"@type":"WebSite","@id":"https:\/\/motherdaughterinterior.com\/#website","url":"https:\/\/motherdaughterinterior.com\/","name":"Mother Daughter Interior","description":"","publisher":{"@id":"https:\/\/motherdaughterinterior.com\/#organization"},"potentialAction":[{"@type":"SearchAction","target":{"@type":"EntryPoint","urlTemplate":"https:\/\/motherdaughterinterior.com\/?s={search_term_string}"},"query-input":{"@type":"PropertyValueSpecification","valueRequired":true,"valueName":"search_term_string"}}],"inLanguage":"en-GB"},{"@type":"Organization","@id":"https:\/\/motherdaughterinterior.com\/#organization","name":"Mother Daughter Interior","url":"https:\/\/motherdaughterinterior.com\/","logo":{"@type":"ImageObject","inLanguage":"en-GB","@id":"https:\/\/motherdaughterinterior.com\/#\/schema\/logo\/image\/","url":"https:\/\/motherdaughterinterior.com\/wp-content\/uploads\/2020\/10\/Logo2.png","contentUrl":"https:\/\/motherdaughterinterior.com\/wp-content\/uploads\/2020\/10\/Logo2.png","width":617,"height":237,"caption":"Mother Daughter Interior"},"image":{"@id":"https:\/\/motherdaughterinterior.com\/#\/schema\/logo\/image\/"}}]}},"_links":{"self":[{"href":"https:\/\/motherdaughterinterior.com\/en\/wp-json\/wp\/v2\/pages\/151"}],"collection":[{"href":"https:\/\/motherdaughterinterior.com\/en\/wp-json\/wp\/v2\/pages"}],"about":[{"href":"https:\/\/motherdaughterinterior.com\/en\/wp-json\/wp\/v2\/types\/page"}],"author":[{"embeddable":true,"href":"https:\/\/motherdaughterinterior.com\/en\/wp-json\/wp\/v2\/users\/1"}],"replies":[{"embeddable":true,"href":"https:\/\/motherdaughterinterior.com\/en\/wp-json\/wp\/v2\/comments?post=151"}],"version-history":[{"count":24,"href":"https:\/\/motherdaughterinterior.com\/en\/wp-json\/wp\/v2\/pages\/151\/revisions"}],"predecessor-version":[{"id":860,"href":"https:\/\/motherdaughterinterior.com\/en\/wp-json\/wp\/v2\/pages\/151\/revisions\/860"}],"up":[{"embeddable":true,"href":"https:\/\/motherdaughterinterior.com\/en\/wp-json\/wp\/v2\/pages\/36"}],"wp:attachment":[{"href":"https:\/\/motherdaughterinterior.com\/en\/wp-json\/wp\/v2\/media?parent=151"}],"curies":[{"name":"wp","href":"https:\/\/api.w.org\/{rel}","templated":true}]}}